{"id":2711,"date":"2021-12-01T19:26:59","date_gmt":"2021-12-02T00:26:59","guid":{"rendered":"https:\/\/maravilaintl.com\/?page_id=2711"},"modified":"2025-11-16T18:50:59","modified_gmt":"2025-11-16T23:50:59","slug":"certificaciones","status":"publish","type":"page","link":"https:\/\/maravilaintl.com\/?page_id=2711","title":{"rendered":"Certificaciones"},"content":{"rendered":"\t\t<div data-elementor-type=\"wp-page\" data-elementor-id=\"2711\" class=\"elementor elementor-2711\">\n\t\t\t\t\t\t\t\t\t<section class=\"elementor-section elementor-top-section elementor-element elementor-element-6d080201 elementor-section-height-min-height elementor-section-items-bottom elementor-section-boxed elementor-section-height-default\" data-id=\"6d080201\" data-element_type=\"section\" data-settings=\"{&quot;background_background&quot;:&quot;classic&quot;}\">\n\t\t\t\t\t\t\t<div class=\"elementor-background-overlay\"><\/div>\n\t\t\t\t\t\t\t<div class=\"elementor-container elementor-column-gap-default\">\n\t\t\t\t\t<div class=\"elementor-column elementor-col-100 elementor-top-column elementor-element elementor-element-3d168bb3\" data-id=\"3d168bb3\" data-element_type=\"column\">\n\t\t\t<div class=\"elementor-widget-wrap elementor-element-populated\">\n\t\t\t\t\t\t\t\t<div class=\"elementor-element elementor-element-28ca1eec elementor-invisible elementor-widget elementor-widget-heading\" data-id=\"28ca1eec\" data-element_type=\"widget\" data-settings=\"{&quot;_animation&quot;:&quot;fadeInUp&quot;}\" data-widget_type=\"heading.default\">\n\t\t\t\t<div class=\"elementor-widget-container\">\n\t\t\t<style>\/*! elementor - v3.18.0 - 04-12-2023 *\/\n.elementor-heading-title{padding:0;margin:0;line-height:1}.elementor-widget-heading .elementor-heading-title[class*=elementor-size-]>a{color:inherit;font-size:inherit;line-height:inherit}.elementor-widget-heading .elementor-heading-title.elementor-size-small{font-size:15px}.elementor-widget-heading .elementor-heading-title.elementor-size-medium{font-size:19px}.elementor-widget-heading .elementor-heading-title.elementor-size-large{font-size:29px}.elementor-widget-heading .elementor-heading-title.elementor-size-xl{font-size:39px}.elementor-widget-heading .elementor-heading-title.elementor-size-xxl{font-size:59px}<\/style><h2 class=\"elementor-heading-title elementor-size-xxl\"><b>CERTIFICACIONES<\/b><\/h2>\t\t<\/div>\n\t\t\t\t<\/div>\n\t\t\t\t\t<\/div>\n\t\t<\/div>\n\t\t\t\t\t\t\t<\/div>\n\t\t<\/section>\n\t\t\t\t<section class=\"elementor-section elementor-top-section elementor-element elementor-element-f94e819 elementor-section-boxed elementor-section-height-default elementor-section-height-default\" data-id=\"f94e819\" data-element_type=\"section\" data-settings=\"{&quot;background_background&quot;:&quot;slideshow&quot;,&quot;background_slideshow_gallery&quot;:[{&quot;id&quot;:4948,&quot;url&quot;:&quot;https:\\\/\\\/maravilaintl.com\\\/wp-content\\\/uploads\\\/2023\\\/12\\\/WhatsApp-Image-2023-12-20-at-10.43.12-AM.jpeg&quot;}],&quot;background_slideshow_loop&quot;:&quot;yes&quot;,&quot;background_slideshow_slide_duration&quot;:5000,&quot;background_slideshow_slide_transition&quot;:&quot;fade&quot;,&quot;background_slideshow_transition_duration&quot;:500}\">\n\t\t\t\t\t\t\t<div class=\"elementor-background-overlay\"><\/div>\n\t\t\t\t\t\t\t<div class=\"elementor-container elementor-column-gap-default\">\n\t\t\t\t\t<div class=\"elementor-column elementor-col-50 elementor-top-column elementor-element elementor-element-1d93a57\" data-id=\"1d93a57\" data-element_type=\"column\" data-settings=\"{&quot;background_background&quot;:&quot;classic&quot;}\">\n\t\t\t<div class=\"elementor-widget-wrap elementor-element-populated\">\n\t\t\t\t\t\t\t\t<div class=\"elementor-element elementor-element-9272b37 elementor-widget elementor-widget-image\" data-id=\"9272b37\" data-element_type=\"widget\" data-settings=\"{&quot;_animation&quot;:&quot;none&quot;}\" data-widget_type=\"image.default\">\n\t\t\t\t<div class=\"elementor-widget-container\">\n\t\t\t<style>\/*! elementor - v3.18.0 - 04-12-2023 *\/\n.elementor-widget-image{text-align:center}.elementor-widget-image a{display:inline-block}.elementor-widget-image a img[src$=\".svg\"]{width:48px}.elementor-widget-image img{vertical-align:middle;display:inline-block}<\/style>\t\t\t\t\t\t\t\t\t\t\t\t<img decoding=\"async\" width=\"150\" height=\"150\" src=\"https:\/\/maravilaintl.com\/wp-content\/uploads\/2023\/12\/bpa-150x150.png\" class=\"attachment-thumbnail size-thumbnail wp-image-4934\" alt=\"\" srcset=\"https:\/\/maravilaintl.com\/wp-content\/uploads\/2023\/12\/bpa-150x150.png 150w, https:\/\/maravilaintl.com\/wp-content\/uploads\/2023\/12\/bpa-300x300.png 300w, https:\/\/maravilaintl.com\/wp-content\/uploads\/2023\/12\/bpa-1024x1024.png 1024w, https:\/\/maravilaintl.com\/wp-content\/uploads\/2023\/12\/bpa-768x768.png 768w, https:\/\/maravilaintl.com\/wp-content\/uploads\/2023\/12\/bpa-1536x1536.png 1536w, https:\/\/maravilaintl.com\/wp-content\/uploads\/2023\/12\/bpa-2048x2048.png 2048w\" sizes=\"(max-width: 150px) 100vw, 150px\" \/>\t\t\t\t\t\t\t\t\t\t\t\t\t\t\t<\/div>\n\t\t\t\t<\/div>\n\t\t\t\t<div class=\"elementor-element elementor-element-5e40a5f elementor-widget elementor-widget-heading\" data-id=\"5e40a5f\" data-element_type=\"widget\" data-widget_type=\"heading.default\">\n\t\t\t\t<div class=\"elementor-widget-container\">\n\t\t\t<h2 class=\"elementor-heading-title elementor-size-default\">BPA<\/h2>\t\t<\/div>\n\t\t\t\t<\/div>\n\t\t\t\t<div class=\"elementor-element elementor-element-0ee0738 elementor-widget elementor-widget-text-editor\" data-id=\"0ee0738\" data-element_type=\"widget\" data-widget_type=\"text-editor.default\">\n\t\t\t\t<div class=\"elementor-widget-container\">\n\t\t\t<style>\/*! elementor - v3.18.0 - 04-12-2023 *\/\n.elementor-widget-text-editor.elementor-drop-cap-view-stacked .elementor-drop-cap{background-color:#69727d;color:#fff}.elementor-widget-text-editor.elementor-drop-cap-view-framed .elementor-drop-cap{color:#69727d;border:3px solid;background-color:transparent}.elementor-widget-text-editor:not(.elementor-drop-cap-view-default) .elementor-drop-cap{margin-top:8px}.elementor-widget-text-editor:not(.elementor-drop-cap-view-default) .elementor-drop-cap-letter{width:1em;height:1em}.elementor-widget-text-editor .elementor-drop-cap{float:left;text-align:center;line-height:1;font-size:50px}.elementor-widget-text-editor .elementor-drop-cap-letter{display:inline-block}<\/style>\t\t\t\t<p><b>Buenas Pr\u00e1cticas de Almacenamiento, otorgados por DIGEMID<\/b><\/p>\t\t\t\t\t\t<\/div>\n\t\t\t\t<\/div>\n\t\t\t\t\t<\/div>\n\t\t<\/div>\n\t\t\t\t<div class=\"elementor-column elementor-col-50 elementor-top-column elementor-element elementor-element-a19deeb\" data-id=\"a19deeb\" data-element_type=\"column\" data-settings=\"{&quot;background_background&quot;:&quot;classic&quot;}\">\n\t\t\t<div class=\"elementor-widget-wrap elementor-element-populated\">\n\t\t\t\t\t\t\t\t<div class=\"elementor-element elementor-element-43f1b39 elementor-widget elementor-widget-image\" data-id=\"43f1b39\" data-element_type=\"widget\" data-widget_type=\"image.default\">\n\t\t\t\t<div class=\"elementor-widget-container\">\n\t\t\t\t\t\t\t\t\t\t\t\t\t\t\t<img decoding=\"async\" width=\"150\" height=\"150\" src=\"https:\/\/maravilaintl.com\/wp-content\/uploads\/2023\/12\/bpdt-316x316-1-150x150.png\" class=\"attachment-thumbnail size-thumbnail wp-image-4935\" alt=\"\" srcset=\"https:\/\/maravilaintl.com\/wp-content\/uploads\/2023\/12\/bpdt-316x316-1-150x150.png 150w, https:\/\/maravilaintl.com\/wp-content\/uploads\/2023\/12\/bpdt-316x316-1-300x300.png 300w, https:\/\/maravilaintl.com\/wp-content\/uploads\/2023\/12\/bpdt-316x316-1.png 316w\" sizes=\"(max-width: 150px) 100vw, 150px\" \/>\t\t\t\t\t\t\t\t\t\t\t\t\t\t\t<\/div>\n\t\t\t\t<\/div>\n\t\t\t\t<div class=\"elementor-element elementor-element-e4fb5c0 elementor-widget elementor-widget-heading\" data-id=\"e4fb5c0\" data-element_type=\"widget\" data-widget_type=\"heading.default\">\n\t\t\t\t<div class=\"elementor-widget-container\">\n\t\t\t<h2 class=\"elementor-heading-title elementor-size-default\">BPDT<\/h2>\t\t<\/div>\n\t\t\t\t<\/div>\n\t\t\t\t<div class=\"elementor-element elementor-element-b00e222 elementor-widget elementor-widget-text-editor\" data-id=\"b00e222\" data-element_type=\"widget\" data-widget_type=\"text-editor.default\">\n\t\t\t\t<div class=\"elementor-widget-container\">\n\t\t\t\t\t\t\t<p><b>Buenas Pr\u00e1cticas de Distribuci\u00f3n y Transporte, otorgado por DIGEMID<\/b><\/p>\t\t\t\t\t\t<\/div>\n\t\t\t\t<\/div>\n\t\t\t\t\t<\/div>\n\t\t<\/div>\n\t\t\t\t\t\t\t<\/div>\n\t\t<\/section>\n\t\t\t\t<section class=\"elementor-section elementor-top-section elementor-element elementor-element-a884311 elementor-section-boxed elementor-section-height-default elementor-section-height-default\" data-id=\"a884311\" data-element_type=\"section\">\n\t\t\t\t\t\t<div class=\"elementor-container elementor-column-gap-default\">\n\t\t\t\t\t<div class=\"elementor-column elementor-col-100 elementor-top-column elementor-element elementor-element-9dfa7d7\" data-id=\"9dfa7d7\" data-element_type=\"column\">\n\t\t\t<div class=\"elementor-widget-wrap elementor-element-populated\">\n\t\t\t\t\t\t\t\t<div class=\"elementor-element elementor-element-c60e990 elementor-widget elementor-widget-image\" data-id=\"c60e990\" data-element_type=\"widget\" data-widget_type=\"image.default\">\n\t\t\t\t<div class=\"elementor-widget-container\">\n\t\t\t\t\t\t\t\t\t\t\t\t\t\t\t<img fetchpriority=\"high\" decoding=\"async\" width=\"1024\" height=\"305\" src=\"https:\/\/maravilaintl.com\/wp-content\/uploads\/2023\/12\/almacen-1024x305.png\" class=\"attachment-large size-large wp-image-4939\" alt=\"\" srcset=\"https:\/\/maravilaintl.com\/wp-content\/uploads\/2023\/12\/almacen-1024x305.png 1024w, https:\/\/maravilaintl.com\/wp-content\/uploads\/2023\/12\/almacen-300x89.png 300w, https:\/\/maravilaintl.com\/wp-content\/uploads\/2023\/12\/almacen-768x229.png 768w, https:\/\/maravilaintl.com\/wp-content\/uploads\/2023\/12\/almacen-1536x457.png 1536w, https:\/\/maravilaintl.com\/wp-content\/uploads\/2023\/12\/almacen-2048x609.png 2048w\" sizes=\"(max-width: 1024px) 100vw, 1024px\" \/>\t\t\t\t\t\t\t\t\t\t\t\t\t\t\t<\/div>\n\t\t\t\t<\/div>\n\t\t\t\t<div class=\"elementor-element elementor-element-9666745 elementor-widget elementor-widget-heading\" data-id=\"9666745\" data-element_type=\"widget\" data-widget_type=\"heading.default\">\n\t\t\t\t<div class=\"elementor-widget-container\">\n\t\t\t<h2 class=\"elementor-heading-title elementor-size-medium\"><b>Nuestro almac\u00e9n cumple con todos los requisitos de calidad.<\/b><\/h2>\t\t<\/div>\n\t\t\t\t<\/div>\n\t\t\t\t\t<\/div>\n\t\t<\/div>\n\t\t\t\t\t\t\t<\/div>\n\t\t<\/section>\n\t\t\t\t<section class=\"elementor-section elementor-top-section elementor-element elementor-element-465271b elementor-section-boxed elementor-section-height-default elementor-section-height-default\" data-id=\"465271b\" data-element_type=\"section\">\n\t\t\t\t\t\t<div class=\"elementor-container elementor-column-gap-default\">\n\t\t\t\t\t<div class=\"elementor-column elementor-col-100 elementor-top-column elementor-element elementor-element-3a13149\" data-id=\"3a13149\" data-element_type=\"column\">\n\t\t\t<div class=\"elementor-widget-wrap elementor-element-populated\">\n\t\t\t\t\t\t\t\t<div class=\"elementor-element elementor-element-894cc8b elementor-widget elementor-widget-image\" data-id=\"894cc8b\" data-element_type=\"widget\" data-widget_type=\"image.default\">\n\t\t\t\t<div class=\"elementor-widget-container\">\n\t\t\t\t\t\t\t\t\t\t\t\t\t\t\t<img loading=\"lazy\" decoding=\"async\" width=\"1000\" height=\"750\" src=\"https:\/\/maravilaintl.com\/wp-content\/uploads\/2023\/12\/WhatsApp-Image-2023-12-20-at-10.56.18-AM.jpeg\" class=\"attachment-large size-large wp-image-4949\" alt=\"\" srcset=\"https:\/\/maravilaintl.com\/wp-content\/uploads\/2023\/12\/WhatsApp-Image-2023-12-20-at-10.56.18-AM.jpeg 1000w, https:\/\/maravilaintl.com\/wp-content\/uploads\/2023\/12\/WhatsApp-Image-2023-12-20-at-10.56.18-AM-300x225.jpeg 300w, https:\/\/maravilaintl.com\/wp-content\/uploads\/2023\/12\/WhatsApp-Image-2023-12-20-at-10.56.18-AM-768x576.jpeg 768w\" sizes=\"(max-width: 1000px) 100vw, 1000px\" \/>\t\t\t\t\t\t\t\t\t\t\t\t\t\t\t<\/div>\n\t\t\t\t<\/div>\n\t\t\t\t<div class=\"elementor-element elementor-element-32fa658 elementor-widget elementor-widget-heading\" data-id=\"32fa658\" data-element_type=\"widget\" data-widget_type=\"heading.default\">\n\t\t\t\t<div class=\"elementor-widget-container\">\n\t\t\t<h2 class=\"elementor-heading-title elementor-size-medium\"><b>Disponemos de una movilidad de transporte log\u00edstico que cumple con todos requisitos de calidad.<\/b><\/h2>\t\t<\/div>\n\t\t\t\t<\/div>\n\t\t\t\t<div class=\"elementor-element elementor-element-6f5fc9d elementor-widget elementor-widget-spacer\" data-id=\"6f5fc9d\" data-element_type=\"widget\" data-widget_type=\"spacer.default\">\n\t\t\t\t<div class=\"elementor-widget-container\">\n\t\t\t<style>\/*! elementor - v3.18.0 - 04-12-2023 *\/\n.elementor-column .elementor-spacer-inner{height:var(--spacer-size)}.e-con{--container-widget-width:100%}.e-con-inner>.elementor-widget-spacer,.e-con>.elementor-widget-spacer{width:var(--container-widget-width,var(--spacer-size));--align-self:var(--container-widget-align-self,initial);--flex-shrink:0}.e-con-inner>.elementor-widget-spacer>.elementor-widget-container,.e-con>.elementor-widget-spacer>.elementor-widget-container{height:100%;width:100%}.e-con-inner>.elementor-widget-spacer>.elementor-widget-container>.elementor-spacer,.e-con>.elementor-widget-spacer>.elementor-widget-container>.elementor-spacer{height:100%}.e-con-inner>.elementor-widget-spacer>.elementor-widget-container>.elementor-spacer>.elementor-spacer-inner,.e-con>.elementor-widget-spacer>.elementor-widget-container>.elementor-spacer>.elementor-spacer-inner{height:var(--container-widget-height,var(--spacer-size))}.e-con-inner>.elementor-widget-spacer.elementor-widget-empty,.e-con>.elementor-widget-spacer.elementor-widget-empty{position:relative;min-height:22px;min-width:22px}.e-con-inner>.elementor-widget-spacer.elementor-widget-empty .elementor-widget-empty-icon,.e-con>.elementor-widget-spacer.elementor-widget-empty .elementor-widget-empty-icon{position:absolute;top:0;bottom:0;left:0;right:0;margin:auto;padding:0;width:22px;height:22px}<\/style>\t\t<div class=\"elementor-spacer\">\n\t\t\t<div class=\"elementor-spacer-inner\"><\/div>\n\t\t<\/div>\n\t\t\t\t<\/div>\n\t\t\t\t<\/div>\n\t\t\t\t\t<\/div>\n\t\t<\/div>\n\t\t\t\t\t\t\t<\/div>\n\t\t<\/section>\n\t\t\t\t\t\t\t<\/div>\n\t\t","protected":false},"excerpt":{"rendered":"<p>CERTIFICACIONES BPA Buenas Pr\u00e1cticas de Almacenamiento, otorgados por DIGEMID BPDT Buenas Pr\u00e1cticas de Distribuci\u00f3n y Transporte, otorgado por DIGEMID Nuestro almac\u00e9n cumple con todos los requisitos de calidad. Disponemos de una movilidad de transporte log\u00edstico que cumple con todos requisitos de calidad.<\/p>\n","protected":false},"author":1,"featured_media":0,"parent":2635,"menu_order":0,"comment_status":"closed","ping_status":"closed","template":"elementor_header_footer","meta":{"_joinchat":[],"footnotes":""},"class_list":["post-2711","page","type-page","status-publish","hentry"],"_links":{"self":[{"href":"https:\/\/maravilaintl.com\/index.php?rest_route=\/wp\/v2\/pages\/2711","targetHints":{"allow":["GET"]}}],"collection":[{"href":"https:\/\/maravilaintl.com\/index.php?rest_route=\/wp\/v2\/pages"}],"about":[{"href":"https:\/\/maravilaintl.com\/index.php?rest_route=\/wp\/v2\/types\/page"}],"author":[{"embeddable":true,"href":"https:\/\/maravilaintl.com\/index.php?rest_route=\/wp\/v2\/users\/1"}],"replies":[{"embeddable":true,"href":"https:\/\/maravilaintl.com\/index.php?rest_route=%2Fwp%2Fv2%2Fcomments&post=2711"}],"version-history":[{"count":46,"href":"https:\/\/maravilaintl.com\/index.php?rest_route=\/wp\/v2\/pages\/2711\/revisions"}],"predecessor-version":[{"id":5474,"href":"https:\/\/maravilaintl.com\/index.php?rest_route=\/wp\/v2\/pages\/2711\/revisions\/5474"}],"up":[{"embeddable":true,"href":"https:\/\/maravilaintl.com\/index.php?rest_route=\/wp\/v2\/pages\/2635"}],"wp:attachment":[{"href":"https:\/\/maravilaintl.com\/index.php?rest_route=%2Fwp%2Fv2%2Fmedia&parent=2711"}],"curies":[{"name":"wp","href":"https:\/\/api.w.org\/{rel}","templated":true}]}}